{"id":8,"date":"2025-07-14T18:02:21","date_gmt":"2025-07-14T18:02:21","guid":{"rendered":"https:\/\/fsapoker.com.br\/?page_id=8"},"modified":"2025-07-14T20:06:14","modified_gmt":"2025-07-14T20:06:14","slug":"fsa-poker","status":"publish","type":"page","link":"https:\/\/fsapoker.com.br\/","title":{"rendered":"FSA Poker"},"content":{"rendered":"\t\t<div data-elementor-type=\"wp-page\" data-elementor-id=\"8\" class=\"elementor elementor-8\" data-elementor-post-type=\"page\">\n\t\t\t\t<div class=\"elementor-element elementor-element-2be795f e-con-full e-flex e-con e-parent\" data-id=\"2be795f\" data-element_type=\"container\" data-settings=\"{&quot;background_background&quot;:&quot;classic&quot;}\">\n\t\t<div class=\"elementor-element elementor-element-0c64879 e-flex e-con-boxed e-con e-child\" data-id=\"0c64879\" data-element_type=\"container\" data-settings=\"{&quot;animation_mobile&quot;:&quot;fadeInDown&quot;,&quot;animation_tablet&quot;:&quot;fadeInDown&quot;}\">\n\t\t\t\t\t<div class=\"e-con-inner\">\n\t\t\t\t<div class=\"elementor-element elementor-element-c099333 elementor-widget elementor-widget-image\" data-id=\"c099333\" data-element_type=\"widget\" data-settings=\"{&quot;_animation_mobile&quot;:&quot;none&quot;,&quot;_animation_tablet&quot;:&quot;none&quot;}\" data-widget_type=\"image.default\">\n\t\t\t\t\t\t\t\t\t\t\t\t<figure class=\"wp-caption\">\n\t\t\t\t\t\t\t\t\t\t<img decoding=\"async\" width=\"150\" height=\"150\" src=\"https:\/\/fsapoker.com.br\/wp-content\/uploads\/2025\/07\/logo.webp\" class=\"attachment-thumbnail size-thumbnail wp-image-14\" alt=\"\" \/>\t\t\t\t\t\t\t\t\t\t\t<figcaption class=\"widget-image-caption wp-caption-text\">@FSA Poker<\/figcaption>\n\t\t\t\t\t\t\t\t\t\t<\/figure>\n\t\t\t\t\t\t\t\t\t<\/div>\n\t\t\t\t<div class=\"elementor-element elementor-element-0a7bfa2 elementor-widget elementor-widget-text-editor\" data-id=\"0a7bfa2\" data-element_type=\"widget\" data-widget_type=\"text-editor.default\">\n\t\t\t\t\t\t\t\t\t<p>CLUB<\/p>\t\t\t\t\t\t\t\t<\/div>\n\t\t\t\t\t<\/div>\n\t\t\t\t<\/div>\n\t\t<div class=\"elementor-element elementor-element-48057d4 e-flex e-con-boxed e-con e-child\" data-id=\"48057d4\" data-element_type=\"container\">\n\t\t\t\t\t<div class=\"e-con-inner\">\n\t\t\t\t<div class=\"elementor-element elementor-element-1c49351 elementor-widget elementor-widget-heading\" data-id=\"1c49351\" data-element_type=\"widget\" data-settings=\"{&quot;_animation_mobile&quot;:&quot;fadeInLeft&quot;,&quot;_animation_tablet&quot;:&quot;fadeInLeft&quot;}\" data-widget_type=\"heading.default\">\n\t\t\t\t\t<h1 class=\"elementor-heading-title elementor-size-default\">FA\u00c7A PARTE DO NOSSO CLUBE DE POKER ONLINE!<\/h1>\t\t\t\t<\/div>\n\t\t\t\t<div class=\"elementor-element elementor-element-af969a7 elementor-widget elementor-widget-text-editor\" data-id=\"af969a7\" data-element_type=\"widget\" data-settings=\"{&quot;_animation_mobile&quot;:&quot;fadeInRight&quot;,&quot;_animation_tablet&quot;:&quot;fadeInRight&quot;}\" data-widget_type=\"text-editor.default\">\n\t\t\t\t\t\t\t\t\t<p>\u00c9 simples! Basta entrar em contato com nossa equipe clicando no bot\u00e3o abaixo.<\/p>\t\t\t\t\t\t\t\t<\/div>\n\t\t\t\t\t<\/div>\n\t\t\t\t<\/div>\n\t\t\t\t<div class=\"elementor-element elementor-element-6694987 elementor-mobile-align-center elementor-align-center elementor-widget elementor-widget-button\" data-id=\"6694987\" data-element_type=\"widget\" data-settings=\"{&quot;_animation_mobile&quot;:&quot;fadeInUp&quot;,&quot;_animation_tablet&quot;:&quot;fadeInUp&quot;}\" data-widget_type=\"button.default\">\n\t\t\t\t\t\t\t\t\t\t<a class=\"elementor-button elementor-button-link elementor-size-sm elementor-animation-grow\" href=\"https:\/\/api.whatsapp.com\/send\/?phone=5575981814554&#038;text=Ol%C3%A1%2C+vim+pelo+site.+Eu+gostaria+de+entrar+no+%40fsapoker+clube%2C+como+funciona%3F&#038;type=phone_number&#038;app_absent=0\" id=\"whatsapp\">\n\t\t\t\t\t\t<span class=\"elementor-button-content-wrapper\">\n\t\t\t\t\t\t\t\t\t<span class=\"elementor-button-text\">Entrar no @fsapoker clube!<\/span>\n\t\t\t\t\t<\/span>\n\t\t\t\t\t<\/a>\n\t\t\t\t\t\t\t\t<\/div>\n\t\t\t\t<\/div>\n\t\t\t\t<\/div>\n\t\t","protected":false},"excerpt":{"rendered":"<p>@FSA Poker CLUB FA\u00c7A PARTE DO NOSSO CLUBE DE POKER ONLINE! \u00c9 simples! Basta entrar em contato com nossa equipe clicando no bot\u00e3o abaixo. Entrar no @fsapoker clube!<\/p>\n","protected":false},"author":1,"featured_media":0,"parent":0,"menu_order":0,"comment_status":"closed","ping_status":"closed","template":"elementor_canvas","meta":{"footnotes":""},"class_list":["post-8","page","type-page","status-publish","hentry"],"_links":{"self":[{"href":"https:\/\/fsapoker.com.br\/index.php?rest_route=\/wp\/v2\/pages\/8","targetHints":{"allow":["GET"]}}],"collection":[{"href":"https:\/\/fsapoker.com.br\/index.php?rest_route=\/wp\/v2\/pages"}],"about":[{"href":"https:\/\/fsapoker.com.br\/index.php?rest_route=\/wp\/v2\/types\/page"}],"author":[{"embeddable":true,"href":"https:\/\/fsapoker.com.br\/index.php?rest_route=\/wp\/v2\/users\/1"}],"replies":[{"embeddable":true,"href":"https:\/\/fsapoker.com.br\/index.php?rest_route=%2Fwp%2Fv2%2Fcomments&post=8"}],"version-history":[{"count":11,"href":"https:\/\/fsapoker.com.br\/index.php?rest_route=\/wp\/v2\/pages\/8\/revisions"}],"predecessor-version":[{"id":26,"href":"https:\/\/fsapoker.com.br\/index.php?rest_route=\/wp\/v2\/pages\/8\/revisions\/26"}],"wp:attachment":[{"href":"https:\/\/fsapoker.com.br\/index.php?rest_route=%2Fwp%2Fv2%2Fmedia&parent=8"}],"curies":[{"name":"wp","href":"https:\/\/api.w.org\/{rel}","templated":true}]}}